{"id":72,"date":"2020-07-08T22:24:22","date_gmt":"2020-07-08T22:24:22","guid":{"rendered":"http:\/\/taunus-marathon.de\/?page_id=72"},"modified":"2020-07-08T22:36:33","modified_gmt":"2020-07-08T22:36:33","slug":"der-tourplan","status":"publish","type":"page","link":"https:\/\/taunus-marathon.de\/?page_id=72","title":{"rendered":"Der Tourplan"},"content":{"rendered":"\n<p class=\"has-drop-cap\">Damit man die Zeit optimal ausnutzen kann, bedarf es eines Planes &#8211; vor allem, wenn zwei Familienmitglieder nicht unn\u00f6tig lange am Flughafen in Keflavik warten wollen. Und dort ist man sehr bem\u00fcht, &#8222;Wild-Warter&#8220; nicht l\u00e4nger als 15 min in Ruhe zu lassen.<\/p>\n\n\n\n<figure class=\"wp-block-image size-large\"><img loading=\"lazy\" width=\"1024\" height=\"712\" src=\"http:\/\/taunus-marathon.de\/wp-content\/uploads\/2020\/07\/island_2018-1024x712.jpg\" alt=\"\" class=\"wp-image-71\" srcset=\"https:\/\/taunus-marathon.de\/wp-content\/uploads\/2020\/07\/island_2018-1024x712.jpg 1024w, https:\/\/taunus-marathon.de\/wp-content\/uploads\/2020\/07\/island_2018-300x209.jpg 300w, https:\/\/taunus-marathon.de\/wp-content\/uploads\/2020\/07\/island_2018-768x534.jpg 768w, https:\/\/taunus-marathon.de\/wp-content\/uploads\/2020\/07\/island_2018.jpg 1219w\" sizes=\"(max-width: 767px) 89vw, (max-width: 1000px) 54vw, (max-width: 1071px) 543px, 580px\" \/><figcaption>Unser Tourplan, den wir gr\u00f6\u00dftenteils eingehalten haben &#8211; das Wetter hat uns immer wieder mal einen Strich durch die Planung gemacht &#8230;<\/figcaption><\/figure>\n","protected":false},"excerpt":{"rendered":"<p>Damit man die Zeit optimal ausnutzen kann, bedarf es eines Planes &#8211; vor allem, wenn zwei Familienmitglieder nicht unn\u00f6tig lange am Flughafen in Keflavik warten wollen. Und dort ist man &hellip; <\/p>\n<p class=\"link-more\"><a href=\"https:\/\/taunus-marathon.de\/?page_id=72\" class=\"more-link\"><span class=\"screen-reader-text\">\u201eDer Tourplan\u201c<\/span> weiterlesen<\/a><\/p>\n","protected":false},"author":1,"featured_media":0,"parent":49,"menu_order":5,"comment_status":"closed","ping_status":"closed","template":"","meta":{"spay_email":""},"_links":{"self":[{"href":"https:\/\/taunus-marathon.de\/index.php?rest_route=\/wp\/v2\/pages\/72"}],"collection":[{"href":"https:\/\/taunus-marathon.de\/index.php?rest_route=\/wp\/v2\/pages"}],"about":[{"href":"https:\/\/taunus-marathon.de\/index.php?rest_route=\/wp\/v2\/types\/page"}],"author":[{"embeddable":true,"href":"https:\/\/taunus-marathon.de\/index.php?rest_route=\/wp\/v2\/users\/1"}],"replies":[{"embeddable":true,"href":"https:\/\/taunus-marathon.de\/index.php?rest_route=%2Fwp%2Fv2%2Fcomments&post=72"}],"version-history":[{"count":3,"href":"https:\/\/taunus-marathon.de\/index.php?rest_route=\/wp\/v2\/pages\/72\/revisions"}],"predecessor-version":[{"id":76,"href":"https:\/\/taunus-marathon.de\/index.php?rest_route=\/wp\/v2\/pages\/72\/revisions\/76"}],"up":[{"embeddable":true,"href":"https:\/\/taunus-marathon.de\/index.php?rest_route=\/wp\/v2\/pages\/49"}],"wp:attachment":[{"href":"https:\/\/taunus-marathon.de\/index.php?rest_route=%2Fwp%2Fv2%2Fmedia&parent=72"}],"curies":[{"name":"wp","href":"https:\/\/api.w.org\/{rel}","templated":true}]}}